{"id":439,"date":"2025-03-19T12:50:18","date_gmt":"2025-03-19T10:50:18","guid":{"rendered":"https:\/\/medtrust-at.giefing.net\/kontakt\/"},"modified":"2025-07-14T06:42:13","modified_gmt":"2025-07-14T04:42:13","slug":"contact","status":"publish","type":"page","link":"https:\/\/wellion-at.giefing.net\/en\/contact\/","title":{"rendered":"Contact"},"content":{"rendered":"\t\t<div data-elementor-type=\"wp-page\" data-elementor-id=\"439\" class=\"elementor elementor-439\" data-elementor-post-type=\"page\">\n\t\t\t\t<div data-particle_enable=\"false\" data-particle-mobile-disabled=\"false\" class=\"wd-negative-gap elementor-element elementor-element-eed44eb e-flex e-con-boxed e-con e-parent\" data-id=\"eed44eb\" data-element_type=\"container\" data-e-type=\"container\">\n\t\t\t\t\t<div class=\"e-con-inner\">\n\t\t<div data-particle_enable=\"false\" data-particle-mobile-disabled=\"false\" class=\"elementor-element elementor-element-bd451b5 e-con-full e-flex e-con e-child\" data-id=\"bd451b5\" data-element_type=\"container\" data-e-type=\"container\">\n\t\t\t\t<div class=\"elementor-element elementor-element-e25f152 color-scheme-inherit text-left elementor-widget elementor-widget-text-editor\" data-id=\"e25f152\" data-element_type=\"widget\" data-e-type=\"widget\" data-widget_type=\"text-editor.default\">\n\t\t\t\t<div class=\"elementor-widget-container\">\n\t\t\t\t\t\t\t\t\t<h2>Wir sind gerne f\u00fcr Sie da!<\/h2><p>Haben Sie Fragen zur Verwendung unserer Produkte, einer offenen Stellenanzeige oder Interesse an einer Zusammenarbeit? Wir freuen uns auf Ihr Anliegen.<\/p>\t\t\t\t\t\t\t\t<\/div>\n\t\t\t\t<\/div>\n\t\t\t\t<div class=\"elementor-element elementor-element-51df4e8 wd-width-100 elementor-widget elementor-widget-wd_open_street_map\" data-id=\"51df4e8\" data-element_type=\"widget\" data-e-type=\"widget\" data-widget_type=\"wd_open_street_map.default\">\n\t\t\t\t<div class=\"elementor-widget-container\">\n\t\t\t\t\t\t\t<div class=\"wd-osm-map-container wd-map-container\">\n\t\t\t<div id=\"wd-osm-map-51df4e8\" class=\"wd-osm-map-wrapper wd-map-wrapper\" data-settings=\"{&quot;zoom&quot;:&quot;16&quot;,&quot;iconUrl&quot;:&quot;https:\\\/\\\/wellion-at.giefing.net\\\/wp-content\\\/themes\\\/woodmart\\\/images\\\/icons\\\/marker-icon.png&quot;,&quot;scrollWheelZoom&quot;:&quot;no&quot;,&quot;zoomControl&quot;:&quot;yes&quot;,&quot;dragging&quot;:&quot;yes&quot;,&quot;geoapify_tile&quot;:&quot;osm-carto&quot;,&quot;markers&quot;:[{&quot;marker&quot;:{&quot;_id&quot;:&quot;470bf3b&quot;,&quot;marker_coords&quot;:&quot;47.725010, 16.407885&quot;,&quot;marker_description&quot;:&quot;MED TRUST &lt;br&gt; Handelsges.m.b.H&quot;,&quot;marker_behavior&quot;:&quot;static_close_on&quot;,&quot;show_button&quot;:&quot;&quot;,&quot;marker_title&quot;:&quot;&quot;,&quot;button_text&quot;:null,&quot;button_url&quot;:null,&quot;button_url_target&quot;:null,&quot;image&quot;:{&quot;url&quot;:&quot;&quot;,&quot;id&quot;:&quot;&quot;,&quot;size&quot;:&quot;&quot;},&quot;image_size&quot;:[],&quot;image_custom_dimension&quot;:null},&quot;lat&quot;:&quot;47.725010&quot;,&quot;lng&quot;:&quot; 16.407885&quot;}],&quot;center&quot;:&quot;47.72501,16.407885&quot;,&quot;init_type&quot;:&quot;page_load&quot;}\"><\/div>\n\n\t\t\t\n\t\t\t\n\t\t\t\t\t<\/div>\n\t\t\t\t\t\t<\/div>\n\t\t\t\t<\/div>\n\t\t\t\t<\/div>\n\t\t<div data-particle_enable=\"false\" data-particle-mobile-disabled=\"false\" class=\"elementor-element elementor-element-fe4a9a1 e-con-full e-flex e-con e-child\" data-id=\"fe4a9a1\" data-element_type=\"container\" data-e-type=\"container\">\n\t\t\t\t<div class=\"elementor-element elementor-element-08bc37b color-scheme-inherit text-left elementor-widget elementor-widget-text-editor\" data-id=\"08bc37b\" data-element_type=\"widget\" data-e-type=\"widget\" data-widget_type=\"text-editor.default\">\n\t\t\t\t<div class=\"elementor-widget-container\">\n\t\t\t\t\t\t\t\t\t<h2>MED TRUST Handelsges.m.b.H<\/h2><p>MED TRUST Handelsges.m.b.H<br \/>Gewerbepark 10<br \/>7221 Marz, \u00d6sterreich<\/p><p>Tel.:\u00a0\u00a0 02626 \/ 64\u00a0190<br \/>Fax:\u00a0\u00a0 02626 \/ 64 190 \u2013 77<br \/><a href=\"mailto:office@medtrust.at\">office@medtrust.at<\/a><br \/>www.medtrust.at<\/p><p><strong>Wir sind telefonisch erreichbar:<\/strong><br \/>Mo &#8211; Do:\u00a0\u00a0 8.00 &#8211; 19.00 Uhr<br \/>Fr:\u00a0\u00a0 8.00 &#8211; 17.00 Uhr<\/p><p><strong>Wir haben f\u00fcr Sie ge\u00f6ffnet:<\/strong><br \/>Mo &#8211; Do:\u00a0\u00a0 8.00 &#8211; 16.45 Uhr<br \/>Fr:\u00a0\u00a0\u00a0 8.00 &#8211; 13.15 Uhr<\/p>\t\t\t\t\t\t\t\t<\/div>\n\t\t\t\t<\/div>\n\t\t\t\t<\/div>\n\t\t\t\t\t<\/div>\n\t\t\t\t<\/div>\n\t\t<div data-particle_enable=\"false\" data-particle-mobile-disabled=\"false\" class=\"wd-negative-gap elementor-element elementor-element-71b0dc0 e-flex e-con-boxed e-con e-parent\" data-id=\"71b0dc0\" data-element_type=\"container\" data-e-type=\"container\">\n\t\t\t\t\t<div class=\"e-con-inner\">\n\t\t\t\t<div class=\"elementor-element elementor-element-d28c800 color-scheme-inherit text-left elementor-widget elementor-widget-text-editor\" data-id=\"d28c800\" data-element_type=\"widget\" data-e-type=\"widget\" data-widget_type=\"text-editor.default\">\n\t\t\t\t<div class=\"elementor-widget-container\">\n\t\t\t\t\t\t\t\t\t<p>Als \u00f6sterreichischer Familienunternehmen und erfahrener Hersteller von Diabetes- und Gesundheitsprodukten sind wir gerne Ihr Partner. Unter unseren Marken Wellion, WellionVet und the wellness co. bieten wir Ihnen ein vielf\u00e4ltiges Portfolio rund ums Thema Gesundheit. Nutzen Sie unsere Produkte f\u00fcr Ihren Erfolg.<\/p><p>Melden Sie sich bei uns, wir freuen uns auf Ihre Anfrage! Unser Kundenservice stellt gerne die Verbindung zwischen Ihrem Anliegen und den passenden Ansprechpartnern bei MED TRUST her.<\/p><p><strong>Pers\u00f6nliche Betreuung ist unsere St\u00e4rke seit \u00fcber 25 Jahren<\/strong><\/p><p><a href=\"mailto:office@medtrust.at\">office@medtrust.at<\/a>\u00a0\u00a0\u00a0\u00a0\u00a0 02626 \/ 64 190<\/p>\t\t\t\t\t\t\t\t<\/div>\n\t\t\t\t<\/div>\n\t\t\t\t\t<\/div>\n\t\t\t\t<\/div>\n\t\t<div data-particle_enable=\"false\" data-particle-mobile-disabled=\"false\" data-dce-background-color=\"#FFFFFF\" class=\"wd-negative-gap elementor-element elementor-element-3d0c3c7c e-flex e-con-boxed elementor-invisible e-con e-parent\" data-id=\"3d0c3c7c\" data-element_type=\"container\" data-e-type=\"container\" data-settings=\"{&quot;background_background&quot;:&quot;gradient&quot;,&quot;animation&quot;:&quot;wd-anim-slide-from-right&quot;}\">\n\t\t\t\t\t<div class=\"e-con-inner\">\n\t\t\t\t<div class=\"elementor-element elementor-element-259f5cbb color-scheme-inherit text-left elementor-widget elementor-widget-text-editor\" data-id=\"259f5cbb\" data-element_type=\"widget\" data-e-type=\"widget\" data-widget_type=\"text-editor.default\">\n\t\t\t\t<div class=\"elementor-widget-container\">\n\t\t\t\t\t\t\t\t\t<p>Bild: &#8220;Vienna&#8221;<br \/>K\u00fcnstler: &#8220;VOKA&#8221;<\/p>\t\t\t\t\t\t\t\t<\/div>\n\t\t\t\t<\/div>\n\t\t\t\t\t<\/div>\n\t\t\t\t<\/div>\n\t\t\t\t<\/div>\n\t\t","protected":false},"excerpt":{"rendered":"<p>Wir sind gerne f\u00fcr Sie da! Haben Sie Fragen zur Verwendung unserer Produkte, einer offenen Stellenanzeige oder Interesse an einer<\/p>\n","protected":false},"author":1,"featured_media":0,"parent":0,"menu_order":0,"comment_status":"closed","ping_status":"closed","template":"","meta":{"_acf_changed":false,"footnotes":""},"class_list":["post-439","page","type-page","status-publish","hentry"],"acf":[],"yoast_head":"<!-- This site is optimized with the Yoast SEO plugin v27.0 - https:\/\/yoast.com\/product\/yoast-seo-wordpress\/ -->\n<title>Contact - Wellion \u00d6sterreich<\/title>\n<meta name=\"robots\" content=\"noindex, follow, max-snippet:-1, max-image-preview:large, max-video-preview:-1\" \/>\n<meta property=\"og:locale\" content=\"en_US\" \/>\n<meta property=\"og:type\" content=\"article\" \/>\n<meta property=\"og:title\" content=\"Contact - Wellion \u00d6sterreich\" \/>\n<meta property=\"og:description\" content=\"Wir sind gerne f\u00fcr Sie da! Haben Sie Fragen zur Verwendung unserer Produkte, einer offenen Stellenanzeige oder Interesse an einer\" \/>\n<meta property=\"og:url\" content=\"https:\/\/wellion-at.giefing.net\/contact\/\" \/>\n<meta property=\"og:site_name\" content=\"Wellion \u00d6sterreich\" \/>\n<meta property=\"article:modified_time\" content=\"2025-07-14T04:42:13+00:00\" \/>\n<meta name=\"twitter:card\" content=\"summary_large_image\" \/>\n<meta name=\"twitter:label1\" content=\"Est. reading time\" \/>\n\t<meta name=\"twitter:data1\" content=\"1 minute\" \/>\n<script type=\"application\/ld+json\" class=\"yoast-schema-graph\">{\"@context\":\"https:\/\/schema.org\",\"@graph\":[{\"@type\":\"WebPage\",\"@id\":\"https:\/\/wellion-at.giefing.net\/contact\/\",\"url\":\"https:\/\/wellion-at.giefing.net\/contact\/\",\"name\":\"Contact - Wellion \u00d6sterreich\",\"isPartOf\":{\"@id\":\"https:\/\/wellion-at.giefing.net\/#website\"},\"datePublished\":\"2025-03-19T10:50:18+00:00\",\"dateModified\":\"2025-07-14T04:42:13+00:00\",\"breadcrumb\":{\"@id\":\"https:\/\/wellion-at.giefing.net\/contact\/#breadcrumb\"},\"inLanguage\":\"en-US\",\"potentialAction\":[{\"@type\":\"ReadAction\",\"target\":[\"https:\/\/wellion-at.giefing.net\/contact\/\"]}]},{\"@type\":\"BreadcrumbList\",\"@id\":\"https:\/\/wellion-at.giefing.net\/contact\/#breadcrumb\",\"itemListElement\":[{\"@type\":\"ListItem\",\"position\":1,\"name\":\"Startseite\",\"item\":\"https:\/\/wellion-at.giefing.net\/\"},{\"@type\":\"ListItem\",\"position\":2,\"name\":\"Contact\"}]},{\"@type\":\"WebSite\",\"@id\":\"https:\/\/wellion-at.giefing.net\/#website\",\"url\":\"https:\/\/wellion-at.giefing.net\/\",\"name\":\"Wellion \u00d6sterreich\",\"description\":\"\",\"publisher\":{\"@id\":\"https:\/\/wellion-at.giefing.net\/#organization\"},\"potentialAction\":[{\"@type\":\"SearchAction\",\"target\":{\"@type\":\"EntryPoint\",\"urlTemplate\":\"https:\/\/wellion-at.giefing.net\/?s={search_term_string}\"},\"query-input\":{\"@type\":\"PropertyValueSpecification\",\"valueRequired\":true,\"valueName\":\"search_term_string\"}}],\"inLanguage\":\"en-US\"},{\"@type\":\"Organization\",\"@id\":\"https:\/\/wellion-at.giefing.net\/#organization\",\"name\":\"Wellion \u00d6sterreich\",\"url\":\"https:\/\/wellion-at.giefing.net\/\",\"logo\":{\"@type\":\"ImageObject\",\"inLanguage\":\"en-US\",\"@id\":\"https:\/\/wellion-at.giefing.net\/#\/schema\/logo\/image\/\",\"url\":\"https:\/\/wellion-at.giefing.net\/wp-content\/uploads\/sites\/3\/2025\/04\/Element-1.svg\",\"contentUrl\":\"https:\/\/wellion-at.giefing.net\/wp-content\/uploads\/sites\/3\/2025\/04\/Element-1.svg\",\"width\":462,\"height\":206,\"caption\":\"Wellion \u00d6sterreich\"},\"image\":{\"@id\":\"https:\/\/wellion-at.giefing.net\/#\/schema\/logo\/image\/\"}}]}<\/script>\n<!-- \/ Yoast SEO plugin. -->","yoast_head_json":{"title":"Contact - Wellion \u00d6sterreich","robots":{"index":"noindex","follow":"follow","max-snippet":"max-snippet:-1","max-image-preview":"max-image-preview:large","max-video-preview":"max-video-preview:-1"},"og_locale":"en_US","og_type":"article","og_title":"Contact - Wellion \u00d6sterreich","og_description":"Wir sind gerne f\u00fcr Sie da! Haben Sie Fragen zur Verwendung unserer Produkte, einer offenen Stellenanzeige oder Interesse an einer","og_url":"https:\/\/wellion-at.giefing.net\/contact\/","og_site_name":"Wellion \u00d6sterreich","article_modified_time":"2025-07-14T04:42:13+00:00","twitter_card":"summary_large_image","twitter_misc":{"Est. reading time":"1 minute"},"schema":{"@context":"https:\/\/schema.org","@graph":[{"@type":"WebPage","@id":"https:\/\/wellion-at.giefing.net\/contact\/","url":"https:\/\/wellion-at.giefing.net\/contact\/","name":"Contact - Wellion \u00d6sterreich","isPartOf":{"@id":"https:\/\/wellion-at.giefing.net\/#website"},"datePublished":"2025-03-19T10:50:18+00:00","dateModified":"2025-07-14T04:42:13+00:00","breadcrumb":{"@id":"https:\/\/wellion-at.giefing.net\/contact\/#breadcrumb"},"inLanguage":"en-US","potentialAction":[{"@type":"ReadAction","target":["https:\/\/wellion-at.giefing.net\/contact\/"]}]},{"@type":"BreadcrumbList","@id":"https:\/\/wellion-at.giefing.net\/contact\/#breadcrumb","itemListElement":[{"@type":"ListItem","position":1,"name":"Startseite","item":"https:\/\/wellion-at.giefing.net\/"},{"@type":"ListItem","position":2,"name":"Contact"}]},{"@type":"WebSite","@id":"https:\/\/wellion-at.giefing.net\/#website","url":"https:\/\/wellion-at.giefing.net\/","name":"Wellion \u00d6sterreich","description":"","publisher":{"@id":"https:\/\/wellion-at.giefing.net\/#organization"},"potentialAction":[{"@type":"SearchAction","target":{"@type":"EntryPoint","urlTemplate":"https:\/\/wellion-at.giefing.net\/?s={search_term_string}"},"query-input":{"@type":"PropertyValueSpecification","valueRequired":true,"valueName":"search_term_string"}}],"inLanguage":"en-US"},{"@type":"Organization","@id":"https:\/\/wellion-at.giefing.net\/#organization","name":"Wellion \u00d6sterreich","url":"https:\/\/wellion-at.giefing.net\/","logo":{"@type":"ImageObject","inLanguage":"en-US","@id":"https:\/\/wellion-at.giefing.net\/#\/schema\/logo\/image\/","url":"https:\/\/wellion-at.giefing.net\/wp-content\/uploads\/sites\/3\/2025\/04\/Element-1.svg","contentUrl":"https:\/\/wellion-at.giefing.net\/wp-content\/uploads\/sites\/3\/2025\/04\/Element-1.svg","width":462,"height":206,"caption":"Wellion \u00d6sterreich"},"image":{"@id":"https:\/\/wellion-at.giefing.net\/#\/schema\/logo\/image\/"}}]}},"_links":{"self":[{"href":"https:\/\/wellion-at.giefing.net\/en\/wp-json\/wp\/v2\/pages\/439","targetHints":{"allow":["GET"]}}],"collection":[{"href":"https:\/\/wellion-at.giefing.net\/en\/wp-json\/wp\/v2\/pages"}],"about":[{"href":"https:\/\/wellion-at.giefing.net\/en\/wp-json\/wp\/v2\/types\/page"}],"author":[{"embeddable":true,"href":"https:\/\/wellion-at.giefing.net\/en\/wp-json\/wp\/v2\/users\/1"}],"replies":[{"embeddable":true,"href":"https:\/\/wellion-at.giefing.net\/en\/wp-json\/wp\/v2\/comments?post=439"}],"version-history":[{"count":0,"href":"https:\/\/wellion-at.giefing.net\/en\/wp-json\/wp\/v2\/pages\/439\/revisions"}],"wp:attachment":[{"href":"https:\/\/wellion-at.giefing.net\/en\/wp-json\/wp\/v2\/media?parent=439"}],"curies":[{"name":"wp","href":"https:\/\/api.w.org\/{rel}","templated":true}]}}