{"id":443,"date":"2025-04-16T13:05:02","date_gmt":"2025-04-16T11:05:02","guid":{"rendered":"https:\/\/medtrust-at.giefing.net\/club\/"},"modified":"2025-07-02T14:59:18","modified_gmt":"2025-07-02T12:59:18","slug":"club","status":"publish","type":"page","link":"https:\/\/wellion-at.giefing.net\/en\/club\/","title":{"rendered":"Club"},"content":{"rendered":"<h1>Wellion Club \u00d6sterreich<\/h1>\n<h3>Ihre Gesundheit ist unser Anliegen!<\/h3>\n<h3>Ihre Wellion-Club-Vorteile auf einen Blick<\/h3>\n<p>Gratis Blutzuckermessger\u00e4t zur Anmeldung<\/p>\n<p>Ein\u00a0<a href=\"https:\/\/www.wellion.at\/shop\/produkte\/blutzucker-mehr-messen\/messgeraete\/\" target=\"_blank\" rel=\"noopener\">Wellion Blutzuckermessger\u00e4te-Set<\/a>\u00a0Ihrer Wahl inkl. 10 Blutzuckerteststreifen bei Anmeldung zum Wellion CLUB<\/p>\n<p>Wellion Teststreifen zum Mitglieder-Preis um nur 19,95\u20ac<\/p>\n<p>Bestellen Sie als Wellion Club Mitglied die\u00a0<a href=\"https:\/\/www.wellion.at\/shop\/search?sSearch=wellion+blutzuckerteststreifen\" target=\"_blank\" rel=\"noopener\">Wellion Blutzucker-Teststreifen<\/a>\u00a0zum Sonderpreis<br \/>\n(im wellion.at-Online Shop, per Email oder telefonisch direkt bei MED TRUST. Ihren Rabattcode f\u00fcr unseren Online-Shop und alle Details erhalten Sie via Email mit Ihrer Anmeldebest\u00e4tigung.)<\/p>\n<p>Wellion Treuegeschenk f\u00fcr Mitglieder &#8211; Wir sagen Danke<\/p>\n<p>Holen Sie sich regelm\u00e4\u00dfig ein Wellion Treue-Geschenk \u2013 so einfach geht\u2019s:<\/p>\n<p>Schicken Sie uns 8 Stk Wellion Papier-Teststreifendeckel\u00a0 (Wellion CALLA \/ LUNA \/\u00a0 GALILEO \/ NEWTON\u00a0 Papier-Deckel der 50 Stk-Pkg mit\u00a0 LOT-Nr. &amp; Datum) mit Ihrer Adresse und der Angabe Ihres Wunschgeschenks. W\u00e4hlen Sie Ihre Favoriten aus:<br \/>\nFRIGO L K\u00fchltasche, Pflegecreme, ORANGE, GOLD, DIABASIC, ZIMT plus, CHOLEX, FERRUM, VITAMIN D3, the wellness co. MOBILE GEL<\/p>\n<p>Rund um die Uhr &#8211; unsere Online-Angebote<\/p>\n<p>Volle Auswahl und Information auf wellion.at<\/p>\n<ul>\n<li>Angebote im\u00a0<a href=\"https:\/\/www.wellion.at\/shop\/\" target=\"_blank\" rel=\"noopener\">Onlineshop<\/a><\/li>\n<li><a href=\"https:\/\/www.youtube.com\/user\/MEDTRUSTdiabetes\" target=\"_blank\" rel=\"noopener noreferrer\">Produktvideos<\/a><\/li>\n<li><a href=\"https:\/\/www.wellion.at\/service\/downloads\">Download<\/a>\u00a0Ratgeber \/ Handb\u00fccher<\/li>\n<li>informative Gesundheits-Beitr\u00e4ge<\/li>\n<li>Wellion Newsletter<\/li>\n<li>Wellion Club<\/li>\n<\/ul>\n<p>Ihre Gesundheit ist unser Anliegen!<\/p>\n<p>Pers\u00f6nliche Beratung &amp; kostenloser Service &#8211; unsere St\u00e4rke seit \u00fcber 25 Jahren<\/p>\n<ul>\n<li>1 x pro Jahr kostenlose\u00a0<a href=\"https:\/\/www.wellion.at\/shop\/produkte\/blutzucker-mehr-messen\/batterien\/\" target=\"_blank\" rel=\"noopener\">Ersatzbatterien<\/a>\u00a0f\u00fcr Ihr Wellion Blutzuckermessger\u00e4t<\/li>\n<li>Gratis Wellion Blutzucker-Tagebuch<\/li>\n<li>Wir sind gerne f\u00fcr Ihre Anliegen da und beraten Sie pers\u00f6nlich, bei Fragen zu unseren Produkten &amp; Services rufen Sie uns gerne an\u00a0<a href=\"https:\/\/www.wellion.at\/service\/kontakt\">02626 \/ 64 190<\/a><\/li>\n<\/ul>\n<p>Diabetesausweis = Wellion Club Karte<\/p>\n<p>gibt es im praktischen Kartenformat (deutsch\/englisch) und kann auf Reisen als internationaler Diabetesausweis verwendet werden<\/p>\n<p>Noch ein Beispiel &#8211; mit Bild<\/p>\n<p>Lorem ipsum dolor sit amet, consectetur adipisicing elit. Optio, neque qui velit.<\/p>\n<p><img decoding=\"async\" src=\"https:\/\/medtrust-at.giefing.net\/wp-content\/uploads\/sites\/3\/2025\/04\/Wellion_pulsoximeter_Anzeigedrehung-300x212.png\" alt=\"\" width=\"300\" height=\"212\" \/><\/p>\n<p>Magni dolorum quidem ipsam eligendi, totam, facilis laudantium cum accusamus ullam voluptatibus commodi numquam, error, est. Ea, consequatur. Lorem ipsum dolor sit amet, consectetur adipisicing elit. Optio, neque qui velit. Lorem ipsum dolor sit amet, consectetur adipisicing elit. Optio, neque qui velit.<\/p>\n<p>Lorem ipsum dolor sit amet, consectetur adipisicing elit. Optio, neque qui velit. Lorem ipsum dolor sit amet, consectetur adipisicing elit. Optio, neque qui velit.<\/p>\n<p><strong>Registrieren Sie sich jetzt GRATIS<\/strong>\u00a0und unverbindlich zum Wellion CLUB und profitieren Sie von den vielen Wellion CLUB Vorteilen.<\/p>\n<p><strong>Wellion CLUB Anmeldung<\/strong><\/p>\n<p>(Die Anmeldung zum Wellion Club beinhaltetkeine automatische Anmeldung zum<strong><a href=\"https:\/\/www.wellion.at\/shop\/account\" target=\"_blank\" rel=\"noopener\">Wellion Shop<\/a>, bitte registrieren Sie sich dort separat.<\/strong>)<\/p>\n<p>Bild: &#8220;Vienna&#8221;<br \/>\nK\u00fcnstler: &#8220;VOKA&#8221;<\/p>\n","protected":false},"excerpt":{"rendered":"<p>Wellion Club \u00d6sterreich Ihre Gesundheit ist unser Anliegen! Ihre Wellion-Club-Vorteile auf einen Blick Gratis Blutzuckermessger\u00e4t zur Anmeldung Ein\u00a0Wellion Blutzuckermessger\u00e4te-Set\u00a0Ihrer Wahl<\/p>\n","protected":false},"author":1,"featured_media":0,"parent":0,"menu_order":0,"comment_status":"closed","ping_status":"closed","template":"","meta":{"_acf_changed":false,"footnotes":""},"class_list":["post-443","page","type-page","status-publish","hentry"],"acf":[],"yoast_head":"<!-- This site is optimized with the Yoast SEO plugin v27.0 - https:\/\/yoast.com\/product\/yoast-seo-wordpress\/ -->\n<title>Club - Wellion \u00d6sterreich<\/title>\n<meta name=\"robots\" content=\"noindex, follow, max-snippet:-1, max-image-preview:large, max-video-preview:-1\" \/>\n<meta property=\"og:locale\" content=\"en_US\" \/>\n<meta property=\"og:type\" content=\"article\" \/>\n<meta property=\"og:title\" content=\"Club - Wellion \u00d6sterreich\" \/>\n<meta property=\"og:description\" content=\"Wellion Club \u00d6sterreich Ihre Gesundheit ist unser Anliegen! Ihre Wellion-Club-Vorteile auf einen Blick Gratis Blutzuckermessger\u00e4t zur Anmeldung Ein\u00a0Wellion Blutzuckermessger\u00e4te-Set\u00a0Ihrer Wahl\" \/>\n<meta property=\"og:url\" content=\"https:\/\/wellion-at.giefing.net\/club\/\" \/>\n<meta property=\"og:site_name\" content=\"Wellion \u00d6sterreich\" \/>\n<meta property=\"article:modified_time\" content=\"2025-07-02T12:59:18+00:00\" \/>\n<meta property=\"og:image\" content=\"https:\/\/medtrust-at.giefing.net\/wp-content\/uploads\/sites\/3\/2025\/04\/Wellion_pulsoximeter_Anzeigedrehung-300x212.png\" \/>\n<meta name=\"twitter:card\" content=\"summary_large_image\" \/>\n<meta name=\"twitter:label1\" content=\"Est. reading time\" \/>\n\t<meta name=\"twitter:data1\" content=\"3 minutes\" \/>\n<script type=\"application\/ld+json\" class=\"yoast-schema-graph\">{\"@context\":\"https:\/\/schema.org\",\"@graph\":[{\"@type\":\"WebPage\",\"@id\":\"https:\/\/wellion-at.giefing.net\/club\/\",\"url\":\"https:\/\/wellion-at.giefing.net\/club\/\",\"name\":\"Club - Wellion \u00d6sterreich\",\"isPartOf\":{\"@id\":\"https:\/\/wellion-at.giefing.net\/#website\"},\"primaryImageOfPage\":{\"@id\":\"https:\/\/wellion-at.giefing.net\/club\/#primaryimage\"},\"image\":{\"@id\":\"https:\/\/wellion-at.giefing.net\/club\/#primaryimage\"},\"thumbnailUrl\":\"https:\/\/medtrust-at.giefing.net\/wp-content\/uploads\/sites\/3\/2025\/04\/Wellion_pulsoximeter_Anzeigedrehung-300x212.png\",\"datePublished\":\"2025-04-16T11:05:02+00:00\",\"dateModified\":\"2025-07-02T12:59:18+00:00\",\"breadcrumb\":{\"@id\":\"https:\/\/wellion-at.giefing.net\/club\/#breadcrumb\"},\"inLanguage\":\"en-US\",\"potentialAction\":[{\"@type\":\"ReadAction\",\"target\":[\"https:\/\/wellion-at.giefing.net\/club\/\"]}]},{\"@type\":\"ImageObject\",\"inLanguage\":\"en-US\",\"@id\":\"https:\/\/wellion-at.giefing.net\/club\/#primaryimage\",\"url\":\"https:\/\/medtrust-at.giefing.net\/wp-content\/uploads\/sites\/3\/2025\/04\/Wellion_pulsoximeter_Anzeigedrehung-300x212.png\",\"contentUrl\":\"https:\/\/medtrust-at.giefing.net\/wp-content\/uploads\/sites\/3\/2025\/04\/Wellion_pulsoximeter_Anzeigedrehung-300x212.png\"},{\"@type\":\"BreadcrumbList\",\"@id\":\"https:\/\/wellion-at.giefing.net\/club\/#breadcrumb\",\"itemListElement\":[{\"@type\":\"ListItem\",\"position\":1,\"name\":\"Startseite\",\"item\":\"https:\/\/wellion-at.giefing.net\/\"},{\"@type\":\"ListItem\",\"position\":2,\"name\":\"Club\"}]},{\"@type\":\"WebSite\",\"@id\":\"https:\/\/wellion-at.giefing.net\/#website\",\"url\":\"https:\/\/wellion-at.giefing.net\/\",\"name\":\"Wellion \u00d6sterreich\",\"description\":\"\",\"publisher\":{\"@id\":\"https:\/\/wellion-at.giefing.net\/#organization\"},\"potentialAction\":[{\"@type\":\"SearchAction\",\"target\":{\"@type\":\"EntryPoint\",\"urlTemplate\":\"https:\/\/wellion-at.giefing.net\/?s={search_term_string}\"},\"query-input\":{\"@type\":\"PropertyValueSpecification\",\"valueRequired\":true,\"valueName\":\"search_term_string\"}}],\"inLanguage\":\"en-US\"},{\"@type\":\"Organization\",\"@id\":\"https:\/\/wellion-at.giefing.net\/#organization\",\"name\":\"Wellion \u00d6sterreich\",\"url\":\"https:\/\/wellion-at.giefing.net\/\",\"logo\":{\"@type\":\"ImageObject\",\"inLanguage\":\"en-US\",\"@id\":\"https:\/\/wellion-at.giefing.net\/#\/schema\/logo\/image\/\",\"url\":\"https:\/\/wellion-at.giefing.net\/wp-content\/uploads\/sites\/3\/2025\/04\/Element-1.svg\",\"contentUrl\":\"https:\/\/wellion-at.giefing.net\/wp-content\/uploads\/sites\/3\/2025\/04\/Element-1.svg\",\"width\":462,\"height\":206,\"caption\":\"Wellion \u00d6sterreich\"},\"image\":{\"@id\":\"https:\/\/wellion-at.giefing.net\/#\/schema\/logo\/image\/\"}}]}<\/script>\n<!-- \/ Yoast SEO plugin. -->","yoast_head_json":{"title":"Club - Wellion \u00d6sterreich","robots":{"index":"noindex","follow":"follow","max-snippet":"max-snippet:-1","max-image-preview":"max-image-preview:large","max-video-preview":"max-video-preview:-1"},"og_locale":"en_US","og_type":"article","og_title":"Club - Wellion \u00d6sterreich","og_description":"Wellion Club \u00d6sterreich Ihre Gesundheit ist unser Anliegen! Ihre Wellion-Club-Vorteile auf einen Blick Gratis Blutzuckermessger\u00e4t zur Anmeldung Ein\u00a0Wellion Blutzuckermessger\u00e4te-Set\u00a0Ihrer Wahl","og_url":"https:\/\/wellion-at.giefing.net\/club\/","og_site_name":"Wellion \u00d6sterreich","article_modified_time":"2025-07-02T12:59:18+00:00","og_image":[{"url":"https:\/\/medtrust-at.giefing.net\/wp-content\/uploads\/sites\/3\/2025\/04\/Wellion_pulsoximeter_Anzeigedrehung-300x212.png","type":"","width":"","height":""}],"twitter_card":"summary_large_image","twitter_misc":{"Est. reading time":"3 minutes"},"schema":{"@context":"https:\/\/schema.org","@graph":[{"@type":"WebPage","@id":"https:\/\/wellion-at.giefing.net\/club\/","url":"https:\/\/wellion-at.giefing.net\/club\/","name":"Club - Wellion \u00d6sterreich","isPartOf":{"@id":"https:\/\/wellion-at.giefing.net\/#website"},"primaryImageOfPage":{"@id":"https:\/\/wellion-at.giefing.net\/club\/#primaryimage"},"image":{"@id":"https:\/\/wellion-at.giefing.net\/club\/#primaryimage"},"thumbnailUrl":"https:\/\/medtrust-at.giefing.net\/wp-content\/uploads\/sites\/3\/2025\/04\/Wellion_pulsoximeter_Anzeigedrehung-300x212.png","datePublished":"2025-04-16T11:05:02+00:00","dateModified":"2025-07-02T12:59:18+00:00","breadcrumb":{"@id":"https:\/\/wellion-at.giefing.net\/club\/#breadcrumb"},"inLanguage":"en-US","potentialAction":[{"@type":"ReadAction","target":["https:\/\/wellion-at.giefing.net\/club\/"]}]},{"@type":"ImageObject","inLanguage":"en-US","@id":"https:\/\/wellion-at.giefing.net\/club\/#primaryimage","url":"https:\/\/medtrust-at.giefing.net\/wp-content\/uploads\/sites\/3\/2025\/04\/Wellion_pulsoximeter_Anzeigedrehung-300x212.png","contentUrl":"https:\/\/medtrust-at.giefing.net\/wp-content\/uploads\/sites\/3\/2025\/04\/Wellion_pulsoximeter_Anzeigedrehung-300x212.png"},{"@type":"BreadcrumbList","@id":"https:\/\/wellion-at.giefing.net\/club\/#breadcrumb","itemListElement":[{"@type":"ListItem","position":1,"name":"Startseite","item":"https:\/\/wellion-at.giefing.net\/"},{"@type":"ListItem","position":2,"name":"Club"}]},{"@type":"WebSite","@id":"https:\/\/wellion-at.giefing.net\/#website","url":"https:\/\/wellion-at.giefing.net\/","name":"Wellion \u00d6sterreich","description":"","publisher":{"@id":"https:\/\/wellion-at.giefing.net\/#organization"},"potentialAction":[{"@type":"SearchAction","target":{"@type":"EntryPoint","urlTemplate":"https:\/\/wellion-at.giefing.net\/?s={search_term_string}"},"query-input":{"@type":"PropertyValueSpecification","valueRequired":true,"valueName":"search_term_string"}}],"inLanguage":"en-US"},{"@type":"Organization","@id":"https:\/\/wellion-at.giefing.net\/#organization","name":"Wellion \u00d6sterreich","url":"https:\/\/wellion-at.giefing.net\/","logo":{"@type":"ImageObject","inLanguage":"en-US","@id":"https:\/\/wellion-at.giefing.net\/#\/schema\/logo\/image\/","url":"https:\/\/wellion-at.giefing.net\/wp-content\/uploads\/sites\/3\/2025\/04\/Element-1.svg","contentUrl":"https:\/\/wellion-at.giefing.net\/wp-content\/uploads\/sites\/3\/2025\/04\/Element-1.svg","width":462,"height":206,"caption":"Wellion \u00d6sterreich"},"image":{"@id":"https:\/\/wellion-at.giefing.net\/#\/schema\/logo\/image\/"}}]}},"_links":{"self":[{"href":"https:\/\/wellion-at.giefing.net\/en\/wp-json\/wp\/v2\/pages\/443","targetHints":{"allow":["GET"]}}],"collection":[{"href":"https:\/\/wellion-at.giefing.net\/en\/wp-json\/wp\/v2\/pages"}],"about":[{"href":"https:\/\/wellion-at.giefing.net\/en\/wp-json\/wp\/v2\/types\/page"}],"author":[{"embeddable":true,"href":"https:\/\/wellion-at.giefing.net\/en\/wp-json\/wp\/v2\/users\/1"}],"replies":[{"embeddable":true,"href":"https:\/\/wellion-at.giefing.net\/en\/wp-json\/wp\/v2\/comments?post=443"}],"version-history":[{"count":0,"href":"https:\/\/wellion-at.giefing.net\/en\/wp-json\/wp\/v2\/pages\/443\/revisions"}],"wp:attachment":[{"href":"https:\/\/wellion-at.giefing.net\/en\/wp-json\/wp\/v2\/media?parent=443"}],"curies":[{"name":"wp","href":"https:\/\/api.w.org\/{rel}","templated":true}]}}